{"id":1653,"date":"2020-08-06T18:54:29","date_gmt":"2020-08-06T16:54:29","guid":{"rendered":"https:\/\/www.waterlab-services.com\/services\/"},"modified":"2025-07-17T10:26:15","modified_gmt":"2025-07-17T08:26:15","slug":"services","status":"publish","type":"page","link":"https:\/\/www.waterlab-services.com\/en\/services\/","title":{"rendered":"Services"},"content":{"rendered":"","protected":false},"excerpt":{"rendered":"","protected":false},"author":1,"featured_media":0,"parent":0,"menu_order":0,"comment_status":"closed","ping_status":"closed","template":"page-services.php","meta":{"_acf_changed":false,"footnotes":""},"class_list":["post-1653","page","type-page","status-publish","hentry"],"acf":[],"yoast_head":"<!-- This site is optimized with the Yoast SEO plugin v27.5 - https:\/\/yoast.com\/product\/yoast-seo-wordpress\/ -->\n<title>Nos services - Waterlab<\/title>\n<meta name=\"description\" content=\"D\u00e9couvrez nos services : assainissement des eaux us\u00e9es, d\u00e9sinfection et solutions innovantes pour vos chantiers, \u00e9v\u00e9nements...\" \/>\n<meta name=\"robots\" content=\"index, follow, max-snippet:-1, max-image-preview:large, max-video-preview:-1\" \/>\n<link rel=\"canonical\" href=\"https:\/\/www.waterlab-services.com\/en\/services\/\" \/>\n<meta property=\"og:locale\" content=\"en_US\" \/>\n<meta property=\"og:type\" content=\"article\" \/>\n<meta property=\"og:title\" content=\"Nos services - Waterlab\" \/>\n<meta property=\"og:description\" content=\"D\u00e9couvrez nos services : assainissement des eaux us\u00e9es, d\u00e9sinfection et solutions innovantes pour vos chantiers, \u00e9v\u00e9nements...\" \/>\n<meta property=\"og:url\" content=\"https:\/\/www.waterlab-services.com\/en\/services\/\" \/>\n<meta property=\"og:site_name\" content=\"Waterlab\" \/>\n<meta property=\"article:modified_time\" content=\"2025-07-17T08:26:15+00:00\" \/>\n<meta property=\"og:image\" content=\"https:\/\/www.waterlab-services.com\/wp-content\/uploads\/2020\/11\/pic-f-kech-waterlab-03-09-20-1840-web-1.jpg\" \/>\n\t<meta property=\"og:image:width\" content=\"1500\" \/>\n\t<meta property=\"og:image:height\" content=\"1001\" \/>\n\t<meta property=\"og:image:type\" content=\"image\/jpeg\" \/>\n<meta name=\"twitter:card\" content=\"summary_large_image\" \/>\n<meta name=\"twitter:site\" content=\"@WATERLAB_Serv\" \/>\n<!-- \/ Yoast SEO plugin. -->","yoast_head_json":{"title":"Nos services - Waterlab","description":"D\u00e9couvrez nos services : assainissement des eaux us\u00e9es, d\u00e9sinfection et solutions innovantes pour vos chantiers, \u00e9v\u00e9nements...","robots":{"index":"index","follow":"follow","max-snippet":"max-snippet:-1","max-image-preview":"max-image-preview:large","max-video-preview":"max-video-preview:-1"},"canonical":"https:\/\/www.waterlab-services.com\/en\/services\/","og_locale":"en_US","og_type":"article","og_title":"Nos services - Waterlab","og_description":"D\u00e9couvrez nos services : assainissement des eaux us\u00e9es, d\u00e9sinfection et solutions innovantes pour vos chantiers, \u00e9v\u00e9nements...","og_url":"https:\/\/www.waterlab-services.com\/en\/services\/","og_site_name":"Waterlab","article_modified_time":"2025-07-17T08:26:15+00:00","og_image":[{"width":1500,"height":1001,"url":"https:\/\/www.waterlab-services.com\/wp-content\/uploads\/2020\/11\/pic-f-kech-waterlab-03-09-20-1840-web-1.jpg","type":"image\/jpeg"}],"twitter_card":"summary_large_image","twitter_site":"@WATERLAB_Serv","schema":{"@context":"https:\/\/schema.org","@graph":[{"@type":"WebPage","@id":"https:\/\/www.waterlab-services.com\/en\/services\/","url":"https:\/\/www.waterlab-services.com\/en\/services\/","name":"Nos services - Waterlab","isPartOf":{"@id":"https:\/\/www.waterlab-services.com\/en\/#website"},"datePublished":"2020-08-06T16:54:29+00:00","dateModified":"2025-07-17T08:26:15+00:00","description":"D\u00e9couvrez nos services : assainissement des eaux us\u00e9es, d\u00e9sinfection et solutions innovantes pour vos chantiers, \u00e9v\u00e9nements...","breadcrumb":{"@id":"https:\/\/www.waterlab-services.com\/en\/services\/#breadcrumb"},"inLanguage":"en-US","potentialAction":[{"@type":"ReadAction","target":["https:\/\/www.waterlab-services.com\/en\/services\/"]}]},{"@type":"BreadcrumbList","@id":"https:\/\/www.waterlab-services.com\/en\/services\/#breadcrumb","itemListElement":[{"@type":"ListItem","position":1,"name":"Home","item":"https:\/\/www.waterlab-services.com\/en\/accueil\/"},{"@type":"ListItem","position":2,"name":"Services"}]},{"@type":"WebSite","@id":"https:\/\/www.waterlab-services.com\/en\/#website","url":"https:\/\/www.waterlab-services.com\/en\/","name":"Waterlab","description":"","publisher":{"@id":"https:\/\/www.waterlab-services.com\/en\/#organization"},"potentialAction":[{"@type":"SearchAction","target":{"@type":"EntryPoint","urlTemplate":"https:\/\/www.waterlab-services.com\/en\/?s={search_term_string}"},"query-input":{"@type":"PropertyValueSpecification","valueRequired":true,"valueName":"search_term_string"}}],"inLanguage":"en-US"},{"@type":"Organization","@id":"https:\/\/www.waterlab-services.com\/en\/#organization","name":"Waterlab Services","url":"https:\/\/www.waterlab-services.com\/en\/","logo":{"@type":"ImageObject","inLanguage":"en-US","@id":"https:\/\/www.waterlab-services.com\/en\/#\/schema\/logo\/image\/","url":"https:\/\/www.waterlab-services.com\/wp-content\/uploads\/2020\/10\/waterlab-logo.png","contentUrl":"https:\/\/www.waterlab-services.com\/wp-content\/uploads\/2020\/10\/waterlab-logo.png","width":136,"height":38,"caption":"Waterlab Services"},"image":{"@id":"https:\/\/www.waterlab-services.com\/en\/#\/schema\/logo\/image\/"},"sameAs":["https:\/\/x.com\/WATERLAB_Serv","https:\/\/fr.linkedin.com\/company\/waterlab-services"]}]}},"_links":{"self":[{"href":"https:\/\/www.waterlab-services.com\/en\/wp-json\/wp\/v2\/pages\/1653","targetHints":{"allow":["GET"]}}],"collection":[{"href":"https:\/\/www.waterlab-services.com\/en\/wp-json\/wp\/v2\/pages"}],"about":[{"href":"https:\/\/www.waterlab-services.com\/en\/wp-json\/wp\/v2\/types\/page"}],"author":[{"embeddable":true,"href":"https:\/\/www.waterlab-services.com\/en\/wp-json\/wp\/v2\/users\/1"}],"replies":[{"embeddable":true,"href":"https:\/\/www.waterlab-services.com\/en\/wp-json\/wp\/v2\/comments?post=1653"}],"version-history":[{"count":2,"href":"https:\/\/www.waterlab-services.com\/en\/wp-json\/wp\/v2\/pages\/1653\/revisions"}],"predecessor-version":[{"id":1816,"href":"https:\/\/www.waterlab-services.com\/en\/wp-json\/wp\/v2\/pages\/1653\/revisions\/1816"}],"wp:attachment":[{"href":"https:\/\/www.waterlab-services.com\/en\/wp-json\/wp\/v2\/media?parent=1653"}],"curies":[{"name":"wp","href":"https:\/\/api.w.org\/{rel}","templated":true}]}}